{"id":4482,"date":"2023-06-02T11:28:04","date_gmt":"2023-06-02T09:28:04","guid":{"rendered":"https:\/\/www.zahnaerzte-am-augustaplatz.de\/?page_id=4482"},"modified":"2025-02-17T08:35:01","modified_gmt":"2025-02-17T07:35:01","slug":"elif-mergen","status":"publish","type":"page","link":"https:\/\/www.zahnaerzte-am-augustaplatz.de\/ru\/%d0%ba%d0%bb%d0%b8%d0%bd%d0%b8%d0%ba%d0%b0\/%d0%bd%d0%b0%d1%88%d0%b0-%d0%ba%d0%be%d0%bc%d0%b0%d0%bd%d0%b4%d0%b0\/elif-mergen\/","title":{"rendered":"Elif Mergen"},"content":{"rendered":"<div class=\"wpb-content-wrapper\"><p>[vc_row full_width=&#187;stretch_row_content_no_spaces&#187; seperator_enable=&#187;seperator_enable_value&#187; seperator_position=&#187;bottom_seperator&#187; icon_type=&#187;custom&#187; icon_img=&#187;id^162|url^https:\/\/www.zahnaerzte-am-augustaplatz.de\/wp-content\/uploads\/sites\/3\/2021\/04\/Top_wavesOpacity.svg|caption^null|alt^null|title^Top_wavesOpacity|description^null&#187; img_width=&#187;100&#8243; el_class=&#187;headerbild&#187; css=&#187;.vc_custom_1739539591338{padding-top: 0px !important;padding-right: 0px !important;padding-bottom: 0px !important;padding-left: 0px !important;}&#187;][vc_column]<style type=\"text\/css\" data-type=\"the7_shortcodes-inline-css\">.shortcode-single-image-wrap.shortcode-single-image-fc895c449ee7f53364f24067ac8ff688.enable-bg-rollover .rollover i,\n.shortcode-single-image-wrap.shortcode-single-image-fc895c449ee7f53364f24067ac8ff688.enable-bg-rollover .rollover-video i {\n  background: -webkit-linear-gradient();\n  background: linear-gradient();\n}\n.shortcode-single-image-wrap.shortcode-single-image-fc895c449ee7f53364f24067ac8ff688 .rollover-icon {\n  font-size: 32px;\n  color: #ffffff;\n  min-width: 44px;\n  min-height: 44px;\n  line-height: 44px;\n  border-radius: 100px;\n  border-style: solid;\n  border-width: 0px;\n}\n.dt-icon-bg-on.shortcode-single-image-wrap.shortcode-single-image-fc895c449ee7f53364f24067ac8ff688 .rollover-icon {\n  background: rgba(255,255,255,0.3);\n  box-shadow: none;\n}<\/style><div class=\"shortcode-single-image-wrap shortcode-single-image-fc895c449ee7f53364f24067ac8ff688 alignnone  enable-bg-rollover dt-icon-bg-off\" style=\"margin-top:0px; margin-bottom:0px; margin-left:0px; margin-right:0px;\"><div class=\"shortcode-single-image vollebreite\"><div class=\"fancy-media-wrap  layzr-bg\" style=\"\"><img fetchpriority=\"high\" decoding=\"async\" class=\"preload-me lazy-load aspect\" src=\"data:image\/svg+xml,%3Csvg%20xmlns%3D&#39;http%3A%2F%2Fwww.w3.org%2F2000%2Fsvg&#39;%20viewBox%3D&#39;0%200%201920%20728&#39;%2F%3E\" data-src=\"https:\/\/www.zahnaerzte-am-augustaplatz.de\/wp-content\/uploads\/sites\/3\/2021\/05\/Zahnaerzte_am_Augustaplatz_Kinderprophylaxe-1.jpg\" data-srcset=\"https:\/\/www.zahnaerzte-am-augustaplatz.de\/wp-content\/uploads\/sites\/3\/2021\/05\/Zahnaerzte_am_Augustaplatz_Kinderprophylaxe-1.jpg 1920w\" loading=\"eager\" sizes=\"(max-width: 1920px) 100vw, 1920px\" width=\"1920\" height=\"728\"  data-dt-location=\"https:\/\/www.zahnaerzte-am-augustaplatz.de\/ru\/leistungen\/zahnmedizin-kids\/kinderprophylaxe\/zahnaerzte_am_augustaplatz_kinderprophylaxe-2\/\" style=\"--ratio: 1920 \/ 728;\" alt=\"Zahnaerzte_am_Augustaplatz_Kinderprophylaxe\" \/><\/div><\/div><\/div>[\/vc_column][\/vc_row][vc_row full_width=&#187;stretch_row_content_no_spaces&#187; el_class=&#187;headerbild iconoverlap kidsicon&#187; css=&#187;.vc_custom_1619514393172{padding-top: 0px !important;padding-right: 0px !important;padding-bottom: 0px !important;padding-left: 0px !important;}&#187;][vc_column]<div class=\"ult-just-icon-wrapper  \"><div class=\"align-icon\" style=\"text-align:center;\">\n<div class=\"aio-icon-img  uavc-square \" style=\"font-size:48px;background:#ae9e87;display:inline-block;\" >\n\t<img decoding=\"async\" class=\"img-icon\" alt=\"null\" src=\"https:\/\/www.zahnaerzte-am-augustaplatz.de\/wp-content\/uploads\/sites\/3\/2021\/04\/Icon_Kids.svg\"\/>\n<\/div><\/div><\/div>[\/vc_column][\/vc_row][vc_row full_width=&#187;stretch_row&#187; css=&#187;.vc_custom_1619453580792{background-image: url(https:\/\/www.zahnaerzte-am-augustaplatz.de\/wp-content\/uploads\/sites\/3\/2021\/04\/Kids_Scribble_01.svg?id=141) !important;background-position: center !important;background-repeat: no-repeat !important;background-size: contain !important;}&#187;][vc_column]<h1 class=\"h6\" style=\"text-align: center; color: #db8043;\">Kinderprophylaxe<\/h1><h2 class=\"h1 kids\" style=\"text-align: center; color: #1b75bb;\">MILCHZ\u00c4HNE UND DER WECHSEL ZUM BLEIBENDEN GEBISS \u2013 INTENSIVE BETREUUNG F\u00dcR KLEINE PATIENTEN<\/h2>[vc_column_text css=&#187;.vc_custom_1660218672990{background-color: rgba(244,244,244,0.5) !important;*background-color: rgb(244,244,244) !important;}&#187;]Der Grundstein f\u00fcr die sp\u00e4tere Zahngesundheit wird im Kindesalter gelegt. Gut gepflegte Milchz\u00e4hne sind die Voraussetzung f\u00fcr eine normale Entwicklung des Kiefers, das Sprechenlernen und ein gesundes bleibendes Gebiss. Wir nehmen uns viel Zeit, um die Z\u00e4hne Ihres Kindes gr\u00fcndlich zu untersuchen. Die Aufkl\u00e4rung \u00fcber die richtige Zahnpflege und Ern\u00e4hrung durch Ihren <a href=\"\/\">Zahnarzt in Baden-Baden<\/a> geh\u00f6rt selbstverst\u00e4ndlich dazu. Wir vermitteln das Wissen spielerisch, so dass Ihr Kind gern zu uns in die Praxis kommt und nach und nach lernt, was es selbst tun kann, um die Z\u00e4hne gesund zu erhalten.<\/p>\n<p>[\/vc_column_text][\/vc_column][\/vc_row][vc_row full_width=&#187;stretch_row&#187; content_placement=&#187;middle&#187;][vc_column width=&#187;1\/3&#8243; offset=&#187;vc_col-lg-4 vc_col-md-4 vc_hidden-sm vc_hidden-xs&#187;][vc_single_image image=&#187;92&#8243; img_size=&#187;&#187; css_animation=&#187;fadeInLeft&#187; image_hovers=&#187;false&#187; lazy_loading=&#187;true&#187;][\/vc_column][vc_column offset=&#187;vc_col-lg-8 vc_col-md-8&#8243;]<h2 class=\"h2 line-left kids\" style=\"text-align: left; color: #db8043;\">So hat Karies keine Chance!<\/h2>[vc_column_text]Zahngesundheit f\u00e4ngt schon bei den Kleinsten an: Ab dem sechsten Lebensmonat, wenn die ersten Milchz\u00e4hne durchbrechen, bieten wir Fr\u00fcherkennungsuntersuchungen in entspannter Atmosph\u00e4re an. Ab dem sechsten Lebensjahr werden von der gesetzlichen Krankenversicherung zwei Prohylaxetermine pro Jahr f\u00fcr Ihr Kind \u00fcbernommen. Vom sechsten bis zw\u00f6lften Lebensjahr ersetzen die bleibenden Z\u00e4hne die Milchz\u00e4hne \u2013 kurz nach dem Durchbruch ist die Karies-Gefahr besonders hoch, daher betreuen wir Sie und Ihre Kinder intensiv. Bei Bedarf fluoridieren wir die Z\u00e4hne als Unterst\u00fctzung f\u00fcr den Kinder-Zahnschmelz. Zudem behalten wir den Zustand des Zahnfleisches sowie Zahnfehlstellungen im Auge.<\/p>\n<p>Ben\u00f6tigen Sie weitere Informationen zum Thema Kinderprophylaxe in Baden-Baden? Vereinbaren Sie unter <a href=\"tel:+4972219709470\" target=\"_blank\" rel=\"noopener noreferrer\">07221 9709470<\/a> einen Termin in unserer Praxis.[\/vc_column_text][\/vc_column][\/vc_row][vc_row full_width=&#187;stretch_row_content_no_spaces&#187; el_class=&#187;kids-seperate&#187;][vc_column][vc_single_image image=&#187;119&#8243; img_size=&#187;full&#187; image_hovers=&#187;false&#187;][\/vc_column][\/vc_row]<\/p>\n<\/div>","protected":false},"excerpt":{"rendered":"<p>[vc_row full_width=&#187;stretch_row_content_no_spaces&#187; seperator_enable=&#187;seperator_enable_value&#187; seperator_position=&#187;bottom_seperator&#187; icon_type=&#187;custom&#187; icon_img=&#187;id^162|url^https:\/\/www.zahnaerzte-am-augustaplatz.de\/wp-content\/uploads\/sites\/3\/2021\/04\/Top_wavesOpacity.svg|caption^null|alt^null|title^Top_wavesOpacity|description^null&#187; img_width=&#187;100&#8243; el_class=&#187;headerbild&#187; css=&#187;.vc_custom_1739539591338{padding-top: 0px !important;padding-right: 0px !important;padding-bottom: 0px !important;padding-left: 0px !important;}&#187;][vc_column][\/vc_column][\/vc_row][vc_row full_width=&#187;stretch_row_content_no_spaces&#187; el_class=&#187;headerbild iconoverlap kidsicon&#187; css=&#187;.vc_custom_1619514393172{padding-top: 0px !important;padding-right: 0px !important;padding-bottom: 0px !important;padding-left: 0px !important;}&#187;][vc_column][\/vc_column][\/vc_row][vc_row full_width=&#187;stretch_row&#187; css=&#187;.vc_custom_1619453580792{background-image: url(https:\/\/www.zahnaerzte-am-augustaplatz.de\/wp-content\/uploads\/sites\/3\/2021\/04\/Kids_Scribble_01.svg?id=141) !important;background-position: center !important;background-repeat: no-repeat !important;background-size: contain !important;}&#187;][vc_column][vc_column_text css=&#187;.vc_custom_1660218672990{background-color: rgba(244,244,244,0.5) !important;*background-color: rgb(244,244,244) !important;}&#187;]Der Grundstein f\u00fcr die sp\u00e4tere Zahngesundheit wird im Kindesalter gelegt. Gut&hellip;<\/p>\n","protected":false},"author":15,"featured_media":0,"parent":3458,"menu_order":214,"comment_status":"closed","ping_status":"closed","template":"","meta":{"footnotes":""},"class_list":["post-4482","page","type-page","status-publish","hentry","description-off"],"yoast_head":"<!-- This site is optimized with the Yoast SEO plugin v27.4 - https:\/\/yoast.com\/product\/yoast-seo-wordpress\/ -->\n<title>Elif Mergen - Zahn\u00e4rzte am Augustaplatz<\/title>\n<meta name=\"description\" content=\"\u042d\u043b\u0438\u0444 \u041c\u0435\u0440\u0433\u0435\u043d \u0420\u0435\u0439\u043d\u0431\u043e\u043b\u0434 \u0440\u0430\u0431\u043e\u0442\u0430\u0435\u0442 \u0430\u0441\u0441\u0438\u0441\u0442\u0435\u043d\u0442\u043e\u043c \u0434\u0430\u043d\u0442\u0438\u0441\u0442\u0430 \u0432 \u0441\u0442\u043e\u043c\u0430\u0442\u043e\u043b\u043e\u0433\u0438\u0447\u0435\u0441\u043a\u043e\u0439 \u043a\u043b\u0438\u043d\u0438\u043a\u0435 \u043d\u0430 \u0410\u0443\u0433\u0443\u0441\u0442\u0430\u043f\u043b\u0430\u0446.\" \/>\n<meta name=\"robots\" content=\"noindex, nofollow\" \/>\n<meta property=\"og:locale\" content=\"ru_RU\" \/>\n<meta property=\"og:type\" content=\"article\" \/>\n<meta property=\"og:title\" content=\"Elif Mergen - Zahn\u00e4rzte am Augustaplatz\" \/>\n<meta property=\"og:description\" content=\"\u042d\u043b\u0438\u0444 \u041c\u0435\u0440\u0433\u0435\u043d \u0420\u0435\u0439\u043d\u0431\u043e\u043b\u0434 \u0440\u0430\u0431\u043e\u0442\u0430\u0435\u0442 \u0430\u0441\u0441\u0438\u0441\u0442\u0435\u043d\u0442\u043e\u043c \u0434\u0430\u043d\u0442\u0438\u0441\u0442\u0430 \u0432 \u0441\u0442\u043e\u043c\u0430\u0442\u043e\u043b\u043e\u0433\u0438\u0447\u0435\u0441\u043a\u043e\u0439 \u043a\u043b\u0438\u043d\u0438\u043a\u0435 \u043d\u0430 \u0410\u0443\u0433\u0443\u0441\u0442\u0430\u043f\u043b\u0430\u0446.\" \/>\n<meta property=\"og:url\" content=\"https:\/\/www.zahnaerzte-am-augustaplatz.de\/ru\/%d0%ba%d0%bb%d0%b8%d0%bd%d0%b8%d0%ba%d0%b0\/%d0%bd%d0%b0%d1%88%d0%b0-%d0%ba%d0%be%d0%bc%d0%b0%d0%bd%d0%b4%d0%b0\/elif-mergen\/\" \/>\n<meta property=\"og:site_name\" content=\"Zahn\u00e4rzte am Augustaplatz\" \/>\n<meta property=\"article:publisher\" content=\"https:\/\/de-de.facebook.com\/zahnarztbadenbaden\/\" \/>\n<meta property=\"article:modified_time\" content=\"2025-02-17T07:35:01+00:00\" \/>\n<meta property=\"og:image\" content=\"https:\/\/www.zahnaerzte-am-augustaplatz.de\/wp-content\/uploads\/sites\/3\/2021\/07\/opengraph_image-Augustaplatz.jpg\" \/>\n\t<meta property=\"og:image:width\" content=\"1200\" \/>\n\t<meta property=\"og:image:height\" content=\"630\" \/>\n\t<meta property=\"og:image:type\" content=\"image\/jpeg\" \/>\n<meta name=\"twitter:card\" content=\"summary_large_image\" \/>\n<meta name=\"twitter:label1\" content=\"\u041f\u0440\u0438\u043c\u0435\u0440\u043d\u043e\u0435 \u0432\u0440\u0435\u043c\u044f \u0434\u043b\u044f \u0447\u0442\u0435\u043d\u0438\u044f\" \/>\n\t<meta name=\"twitter:data1\" content=\"1 \u043c\u0438\u043d\u0443\u0442\u0430\" \/>\n<script type=\"application\/ld+json\" class=\"yoast-schema-graph\">{\"@context\":\"https:\\\/\\\/schema.org\",\"@graph\":[{\"@type\":\"WebPage\",\"@id\":\"https:\\\/\\\/www.zahnaerzte-am-augustaplatz.de\\\/ru\\\/%d0%ba%d0%bb%d0%b8%d0%bd%d0%b8%d0%ba%d0%b0\\\/%d0%bd%d0%b0%d1%88%d0%b0-%d0%ba%d0%be%d0%bc%d0%b0%d0%bd%d0%b4%d0%b0\\\/elif-mergen\\\/\",\"url\":\"https:\\\/\\\/www.zahnaerzte-am-augustaplatz.de\\\/ru\\\/%d0%ba%d0%bb%d0%b8%d0%bd%d0%b8%d0%ba%d0%b0\\\/%d0%bd%d0%b0%d1%88%d0%b0-%d0%ba%d0%be%d0%bc%d0%b0%d0%bd%d0%b4%d0%b0\\\/elif-mergen\\\/\",\"name\":\"Elif Mergen - Zahn\u00e4rzte am Augustaplatz\",\"isPartOf\":{\"@id\":\"https:\\\/\\\/www.zahnaerzte-am-augustaplatz.de\\\/ru\\\/#website\"},\"datePublished\":\"2023-06-02T09:28:04+00:00\",\"dateModified\":\"2025-02-17T07:35:01+00:00\",\"description\":\"\u042d\u043b\u0438\u0444 \u041c\u0435\u0440\u0433\u0435\u043d \u0420\u0435\u0439\u043d\u0431\u043e\u043b\u0434 \u0440\u0430\u0431\u043e\u0442\u0430\u0435\u0442 \u0430\u0441\u0441\u0438\u0441\u0442\u0435\u043d\u0442\u043e\u043c \u0434\u0430\u043d\u0442\u0438\u0441\u0442\u0430 \u0432 \u0441\u0442\u043e\u043c\u0430\u0442\u043e\u043b\u043e\u0433\u0438\u0447\u0435\u0441\u043a\u043e\u0439 \u043a\u043b\u0438\u043d\u0438\u043a\u0435 \u043d\u0430 \u0410\u0443\u0433\u0443\u0441\u0442\u0430\u043f\u043b\u0430\u0446.\",\"breadcrumb\":{\"@id\":\"https:\\\/\\\/www.zahnaerzte-am-augustaplatz.de\\\/ru\\\/%d0%ba%d0%bb%d0%b8%d0%bd%d0%b8%d0%ba%d0%b0\\\/%d0%bd%d0%b0%d1%88%d0%b0-%d0%ba%d0%be%d0%bc%d0%b0%d0%bd%d0%b4%d0%b0\\\/elif-mergen\\\/#breadcrumb\"},\"inLanguage\":\"ru-RU\",\"potentialAction\":[{\"@type\":\"ReadAction\",\"target\":[\"https:\\\/\\\/www.zahnaerzte-am-augustaplatz.de\\\/ru\\\/%d0%ba%d0%bb%d0%b8%d0%bd%d0%b8%d0%ba%d0%b0\\\/%d0%bd%d0%b0%d1%88%d0%b0-%d0%ba%d0%be%d0%bc%d0%b0%d0%bd%d0%b4%d0%b0\\\/elif-mergen\\\/\"]}]},{\"@type\":\"BreadcrumbList\",\"@id\":\"https:\\\/\\\/www.zahnaerzte-am-augustaplatz.de\\\/ru\\\/%d0%ba%d0%bb%d0%b8%d0%bd%d0%b8%d0%ba%d0%b0\\\/%d0%bd%d0%b0%d1%88%d0%b0-%d0%ba%d0%be%d0%bc%d0%b0%d0%bd%d0%b4%d0%b0\\\/elif-mergen\\\/#breadcrumb\",\"itemListElement\":[{\"@type\":\"ListItem\",\"position\":1,\"name\":\"Startseite\",\"item\":\"https:\\\/\\\/www.zahnaerzte-am-augustaplatz.de\\\/ru\\\/\"},{\"@type\":\"ListItem\",\"position\":2,\"name\":\"\u041a\u043b\u0438\u043d\u0438\u043a\u0430\",\"item\":\"https:\\\/\\\/www.zahnaerzte-am-augustaplatz.de\\\/ru\\\/%d0%ba%d0%bb%d0%b8%d0%bd%d0%b8%d0%ba%d0%b0\\\/\"},{\"@type\":\"ListItem\",\"position\":3,\"name\":\"\u041d\u0430\u0448\u0430 \u043a\u043e\u043c\u0430\u043d\u0434\u0430\",\"item\":\"https:\\\/\\\/www.zahnaerzte-am-augustaplatz.de\\\/ru\\\/%d0%ba%d0%bb%d0%b8%d0%bd%d0%b8%d0%ba%d0%b0\\\/%d0%bd%d0%b0%d1%88%d0%b0-%d0%ba%d0%be%d0%bc%d0%b0%d0%bd%d0%b4%d0%b0\\\/\"},{\"@type\":\"ListItem\",\"position\":4,\"name\":\"Elif Mergen\"}]},{\"@type\":\"WebSite\",\"@id\":\"https:\\\/\\\/www.zahnaerzte-am-augustaplatz.de\\\/ru\\\/#website\",\"url\":\"https:\\\/\\\/www.zahnaerzte-am-augustaplatz.de\\\/ru\\\/\",\"name\":\"Zahn\u00e4rzte am Augustaplatz\",\"description\":\"\",\"publisher\":{\"@id\":\"https:\\\/\\\/www.zahnaerzte-am-augustaplatz.de\\\/ru\\\/#organization\"},\"potentialAction\":[{\"@type\":\"SearchAction\",\"target\":{\"@type\":\"EntryPoint\",\"urlTemplate\":\"https:\\\/\\\/www.zahnaerzte-am-augustaplatz.de\\\/ru\\\/?s={search_term_string}\"},\"query-input\":{\"@type\":\"PropertyValueSpecification\",\"valueRequired\":true,\"valueName\":\"search_term_string\"}}],\"inLanguage\":\"ru-RU\"},{\"@type\":\"Organization\",\"@id\":\"https:\\\/\\\/www.zahnaerzte-am-augustaplatz.de\\\/ru\\\/#organization\",\"name\":\"Zahn\u00e4rzte am Augustaplatz\",\"url\":\"https:\\\/\\\/www.zahnaerzte-am-augustaplatz.de\\\/ru\\\/\",\"logo\":{\"@type\":\"ImageObject\",\"inLanguage\":\"ru-RU\",\"@id\":\"https:\\\/\\\/www.zahnaerzte-am-augustaplatz.de\\\/ru\\\/#\\\/schema\\\/logo\\\/image\\\/\",\"url\":\"https:\\\/\\\/www.zahnaerzte-am-augustaplatz.de\\\/wp-content\\\/uploads\\\/sites\\\/3\\\/2021\\\/07\\\/ZAAopengraph_image.jpg\",\"contentUrl\":\"https:\\\/\\\/www.zahnaerzte-am-augustaplatz.de\\\/wp-content\\\/uploads\\\/sites\\\/3\\\/2021\\\/07\\\/ZAAopengraph_image.jpg\",\"width\":1200,\"height\":630,\"caption\":\"Zahn\u00e4rzte am Augustaplatz\"},\"image\":{\"@id\":\"https:\\\/\\\/www.zahnaerzte-am-augustaplatz.de\\\/ru\\\/#\\\/schema\\\/logo\\\/image\\\/\"},\"sameAs\":[\"https:\\\/\\\/de-de.facebook.com\\\/zahnarztbadenbaden\\\/\"]}]}<\/script>\n<!-- \/ Yoast SEO plugin. -->","yoast_head_json":{"title":"Elif Mergen - Zahn\u00e4rzte am Augustaplatz","description":"\u042d\u043b\u0438\u0444 \u041c\u0435\u0440\u0433\u0435\u043d \u0420\u0435\u0439\u043d\u0431\u043e\u043b\u0434 \u0440\u0430\u0431\u043e\u0442\u0430\u0435\u0442 \u0430\u0441\u0441\u0438\u0441\u0442\u0435\u043d\u0442\u043e\u043c \u0434\u0430\u043d\u0442\u0438\u0441\u0442\u0430 \u0432 \u0441\u0442\u043e\u043c\u0430\u0442\u043e\u043b\u043e\u0433\u0438\u0447\u0435\u0441\u043a\u043e\u0439 \u043a\u043b\u0438\u043d\u0438\u043a\u0435 \u043d\u0430 \u0410\u0443\u0433\u0443\u0441\u0442\u0430\u043f\u043b\u0430\u0446.","robots":{"index":"noindex","follow":"nofollow"},"og_locale":"ru_RU","og_type":"article","og_title":"Elif Mergen - Zahn\u00e4rzte am Augustaplatz","og_description":"\u042d\u043b\u0438\u0444 \u041c\u0435\u0440\u0433\u0435\u043d \u0420\u0435\u0439\u043d\u0431\u043e\u043b\u0434 \u0440\u0430\u0431\u043e\u0442\u0430\u0435\u0442 \u0430\u0441\u0441\u0438\u0441\u0442\u0435\u043d\u0442\u043e\u043c \u0434\u0430\u043d\u0442\u0438\u0441\u0442\u0430 \u0432 \u0441\u0442\u043e\u043c\u0430\u0442\u043e\u043b\u043e\u0433\u0438\u0447\u0435\u0441\u043a\u043e\u0439 \u043a\u043b\u0438\u043d\u0438\u043a\u0435 \u043d\u0430 \u0410\u0443\u0433\u0443\u0441\u0442\u0430\u043f\u043b\u0430\u0446.","og_url":"https:\/\/www.zahnaerzte-am-augustaplatz.de\/ru\/%d0%ba%d0%bb%d0%b8%d0%bd%d0%b8%d0%ba%d0%b0\/%d0%bd%d0%b0%d1%88%d0%b0-%d0%ba%d0%be%d0%bc%d0%b0%d0%bd%d0%b4%d0%b0\/elif-mergen\/","og_site_name":"Zahn\u00e4rzte am Augustaplatz","article_publisher":"https:\/\/de-de.facebook.com\/zahnarztbadenbaden\/","article_modified_time":"2025-02-17T07:35:01+00:00","og_image":[{"width":1200,"height":630,"url":"https:\/\/www.zahnaerzte-am-augustaplatz.de\/wp-content\/uploads\/sites\/3\/2021\/07\/opengraph_image-Augustaplatz.jpg","type":"image\/jpeg"}],"twitter_card":"summary_large_image","twitter_misc":{"\u041f\u0440\u0438\u043c\u0435\u0440\u043d\u043e\u0435 \u0432\u0440\u0435\u043c\u044f \u0434\u043b\u044f \u0447\u0442\u0435\u043d\u0438\u044f":"1 \u043c\u0438\u043d\u0443\u0442\u0430"},"schema":{"@context":"https:\/\/schema.org","@graph":[{"@type":"WebPage","@id":"https:\/\/www.zahnaerzte-am-augustaplatz.de\/ru\/%d0%ba%d0%bb%d0%b8%d0%bd%d0%b8%d0%ba%d0%b0\/%d0%bd%d0%b0%d1%88%d0%b0-%d0%ba%d0%be%d0%bc%d0%b0%d0%bd%d0%b4%d0%b0\/elif-mergen\/","url":"https:\/\/www.zahnaerzte-am-augustaplatz.de\/ru\/%d0%ba%d0%bb%d0%b8%d0%bd%d0%b8%d0%ba%d0%b0\/%d0%bd%d0%b0%d1%88%d0%b0-%d0%ba%d0%be%d0%bc%d0%b0%d0%bd%d0%b4%d0%b0\/elif-mergen\/","name":"Elif Mergen - Zahn\u00e4rzte am Augustaplatz","isPartOf":{"@id":"https:\/\/www.zahnaerzte-am-augustaplatz.de\/ru\/#website"},"datePublished":"2023-06-02T09:28:04+00:00","dateModified":"2025-02-17T07:35:01+00:00","description":"\u042d\u043b\u0438\u0444 \u041c\u0435\u0440\u0433\u0435\u043d \u0420\u0435\u0439\u043d\u0431\u043e\u043b\u0434 \u0440\u0430\u0431\u043e\u0442\u0430\u0435\u0442 \u0430\u0441\u0441\u0438\u0441\u0442\u0435\u043d\u0442\u043e\u043c \u0434\u0430\u043d\u0442\u0438\u0441\u0442\u0430 \u0432 \u0441\u0442\u043e\u043c\u0430\u0442\u043e\u043b\u043e\u0433\u0438\u0447\u0435\u0441\u043a\u043e\u0439 \u043a\u043b\u0438\u043d\u0438\u043a\u0435 \u043d\u0430 \u0410\u0443\u0433\u0443\u0441\u0442\u0430\u043f\u043b\u0430\u0446.","breadcrumb":{"@id":"https:\/\/www.zahnaerzte-am-augustaplatz.de\/ru\/%d0%ba%d0%bb%d0%b8%d0%bd%d0%b8%d0%ba%d0%b0\/%d0%bd%d0%b0%d1%88%d0%b0-%d0%ba%d0%be%d0%bc%d0%b0%d0%bd%d0%b4%d0%b0\/elif-mergen\/#breadcrumb"},"inLanguage":"ru-RU","potentialAction":[{"@type":"ReadAction","target":["https:\/\/www.zahnaerzte-am-augustaplatz.de\/ru\/%d0%ba%d0%bb%d0%b8%d0%bd%d0%b8%d0%ba%d0%b0\/%d0%bd%d0%b0%d1%88%d0%b0-%d0%ba%d0%be%d0%bc%d0%b0%d0%bd%d0%b4%d0%b0\/elif-mergen\/"]}]},{"@type":"BreadcrumbList","@id":"https:\/\/www.zahnaerzte-am-augustaplatz.de\/ru\/%d0%ba%d0%bb%d0%b8%d0%bd%d0%b8%d0%ba%d0%b0\/%d0%bd%d0%b0%d1%88%d0%b0-%d0%ba%d0%be%d0%bc%d0%b0%d0%bd%d0%b4%d0%b0\/elif-mergen\/#breadcrumb","itemListElement":[{"@type":"ListItem","position":1,"name":"Startseite","item":"https:\/\/www.zahnaerzte-am-augustaplatz.de\/ru\/"},{"@type":"ListItem","position":2,"name":"\u041a\u043b\u0438\u043d\u0438\u043a\u0430","item":"https:\/\/www.zahnaerzte-am-augustaplatz.de\/ru\/%d0%ba%d0%bb%d0%b8%d0%bd%d0%b8%d0%ba%d0%b0\/"},{"@type":"ListItem","position":3,"name":"\u041d\u0430\u0448\u0430 \u043a\u043e\u043c\u0430\u043d\u0434\u0430","item":"https:\/\/www.zahnaerzte-am-augustaplatz.de\/ru\/%d0%ba%d0%bb%d0%b8%d0%bd%d0%b8%d0%ba%d0%b0\/%d0%bd%d0%b0%d1%88%d0%b0-%d0%ba%d0%be%d0%bc%d0%b0%d0%bd%d0%b4%d0%b0\/"},{"@type":"ListItem","position":4,"name":"Elif Mergen"}]},{"@type":"WebSite","@id":"https:\/\/www.zahnaerzte-am-augustaplatz.de\/ru\/#website","url":"https:\/\/www.zahnaerzte-am-augustaplatz.de\/ru\/","name":"Zahn\u00e4rzte am Augustaplatz","description":"","publisher":{"@id":"https:\/\/www.zahnaerzte-am-augustaplatz.de\/ru\/#organization"},"potentialAction":[{"@type":"SearchAction","target":{"@type":"EntryPoint","urlTemplate":"https:\/\/www.zahnaerzte-am-augustaplatz.de\/ru\/?s={search_term_string}"},"query-input":{"@type":"PropertyValueSpecification","valueRequired":true,"valueName":"search_term_string"}}],"inLanguage":"ru-RU"},{"@type":"Organization","@id":"https:\/\/www.zahnaerzte-am-augustaplatz.de\/ru\/#organization","name":"Zahn\u00e4rzte am Augustaplatz","url":"https:\/\/www.zahnaerzte-am-augustaplatz.de\/ru\/","logo":{"@type":"ImageObject","inLanguage":"ru-RU","@id":"https:\/\/www.zahnaerzte-am-augustaplatz.de\/ru\/#\/schema\/logo\/image\/","url":"https:\/\/www.zahnaerzte-am-augustaplatz.de\/wp-content\/uploads\/sites\/3\/2021\/07\/ZAAopengraph_image.jpg","contentUrl":"https:\/\/www.zahnaerzte-am-augustaplatz.de\/wp-content\/uploads\/sites\/3\/2021\/07\/ZAAopengraph_image.jpg","width":1200,"height":630,"caption":"Zahn\u00e4rzte am Augustaplatz"},"image":{"@id":"https:\/\/www.zahnaerzte-am-augustaplatz.de\/ru\/#\/schema\/logo\/image\/"},"sameAs":["https:\/\/de-de.facebook.com\/zahnarztbadenbaden\/"]}]}},"_links":{"self":[{"href":"https:\/\/www.zahnaerzte-am-augustaplatz.de\/ru\/wp-json\/wp\/v2\/pages\/4482","targetHints":{"allow":["GET"]}}],"collection":[{"href":"https:\/\/www.zahnaerzte-am-augustaplatz.de\/ru\/wp-json\/wp\/v2\/pages"}],"about":[{"href":"https:\/\/www.zahnaerzte-am-augustaplatz.de\/ru\/wp-json\/wp\/v2\/types\/page"}],"author":[{"embeddable":true,"href":"https:\/\/www.zahnaerzte-am-augustaplatz.de\/ru\/wp-json\/wp\/v2\/users\/15"}],"replies":[{"embeddable":true,"href":"https:\/\/www.zahnaerzte-am-augustaplatz.de\/ru\/wp-json\/wp\/v2\/comments?post=4482"}],"version-history":[{"count":0,"href":"https:\/\/www.zahnaerzte-am-augustaplatz.de\/ru\/wp-json\/wp\/v2\/pages\/4482\/revisions"}],"up":[{"embeddable":true,"href":"https:\/\/www.zahnaerzte-am-augustaplatz.de\/ru\/wp-json\/wp\/v2\/pages\/3458"}],"wp:attachment":[{"href":"https:\/\/www.zahnaerzte-am-augustaplatz.de\/ru\/wp-json\/wp\/v2\/media?parent=4482"}],"curies":[{"name":"wp","href":"https:\/\/api.w.org\/{rel}","templated":true}]}}